{"id":148,"date":"2024-10-10T12:37:24","date_gmt":"2024-10-10T12:37:24","guid":{"rendered":"https:\/\/xn--familielgerne9700-yrb.dk\/?page_id=148"},"modified":"2026-01-13T17:15:16","modified_gmt":"2026-01-13T17:15:16","slug":"om-os","status":"publish","type":"page","link":"https:\/\/xn--familielgerne9700-yrb.dk\/?page_id=148","title":{"rendered":"Personale"},"content":{"rendered":"\t\t<div data-elementor-type=\"wp-page\" data-elementor-id=\"148\" class=\"elementor elementor-148\" data-elementor-post-type=\"page\">\n\t\t\t\t<div class=\"elementor-element elementor-element-1c06466 e-flex e-con-boxed e-con e-parent\" data-id=\"1c06466\" data-element_type=\"container\" data-e-type=\"container\">\n\t\t\t\t\t<div class=\"e-con-inner\">\n\t\t<div class=\"elementor-element elementor-element-13de8a8 e-con-full e-flex e-con e-child\" data-id=\"13de8a8\" data-element_type=\"container\" data-e-type=\"container\">\n\t\t\t\t<div class=\"elementor-element elementor-element-2cc2ccc elementor-widget elementor-widget-image\" data-id=\"2cc2ccc\" data-element_type=\"widget\" data-e-type=\"widget\" data-widget_type=\"image.default\">\n\t\t\t\t<div class=\"elementor-widget-container\">\n\t\t\t\t\t\t\t\t\t\t\t\t\t\t\t<img fetchpriority=\"high\" decoding=\"async\" width=\"200\" height=\"300\" src=\"https:\/\/xn--familielgerne9700-yrb.dk\/wp-content\/uploads\/2024\/10\/ESC-2018-200x300.webp\" class=\"attachment-medium size-medium wp-image-21\" alt=\"\" srcset=\"https:\/\/xn--familielgerne9700-yrb.dk\/wp-content\/uploads\/2024\/10\/ESC-2018-200x300.webp 200w, https:\/\/xn--familielgerne9700-yrb.dk\/wp-content\/uploads\/2024\/10\/ESC-2018-683x1024.webp 683w, https:\/\/xn--familielgerne9700-yrb.dk\/wp-content\/uploads\/2024\/10\/ESC-2018-768x1152.webp 768w, https:\/\/xn--familielgerne9700-yrb.dk\/wp-content\/uploads\/2024\/10\/ESC-2018-1024x1536.webp 1024w, https:\/\/xn--familielgerne9700-yrb.dk\/wp-content\/uploads\/2024\/10\/ESC-2018-1366x2048.webp 1281w, https:\/\/xn--familielgerne9700-yrb.dk\/wp-content\/uploads\/2024\/10\/ESC-2018-scaled.webp 1280w\" sizes=\"(max-width: 200px) 100vw, 200px\" \/>\t\t\t\t\t\t\t\t\t\t\t\t\t\t\t<\/div>\n\t\t\t\t<\/div>\n\t\t\t\t<div class=\"elementor-element elementor-element-6a4354b elementor-widget elementor-widget-text-editor\" data-id=\"6a4354b\" data-element_type=\"widget\" data-e-type=\"widget\" data-widget_type=\"text-editor.default\">\n\t\t\t\t<div class=\"elementor-widget-container\">\n\t\t\t\t\t\t\t\t\t<p><strong>Rune Haaber Lolk<\/strong><\/p><p>Rune er sammen med Louise klinikejer og ansvarlig for klinikken. Rune har studeret medicin p\u00e5 Aarhus Universitet, med kandidateksamen i 2008. Han har arbejdet inden for forskellige sygehusspecialer, herunder kardiologi, akut medicin og an\u00e6stesi. Han blev speciall\u00e6ge i kardiologi i 2019 og har siden 2021 drevet den private kardiologiske klinik kardiolog.dk. Sidel\u00f8bende har han taget endnu en speciall\u00e6geuddannelse og blev i 2024 speciall\u00e6ge i almen medicin. 1. november 2024 overtog Rune og Louise den tidligere regionsklinik i Br\u00f8nderslev, og stiftede Familiel\u00e6gerne i Br\u00f8nderslev. Ved siden af sit arbejde her i klinikken er Rune vicevagtchef i L\u00e6gevagten i Region Nordjylland og praksiskonsulent i Br\u00f8nderslev Kommune.<\/p>\t\t\t\t\t\t\t\t<\/div>\n\t\t\t\t<\/div>\n\t\t\t\t<\/div>\n\t\t<div class=\"elementor-element elementor-element-e43eafd e-con-full e-flex e-con e-child\" data-id=\"e43eafd\" data-element_type=\"container\" data-e-type=\"container\">\n\t\t\t\t<div class=\"elementor-element elementor-element-2407bc9 elementor-widget elementor-widget-image\" data-id=\"2407bc9\" data-element_type=\"widget\" data-e-type=\"widget\" data-widget_type=\"image.default\">\n\t\t\t\t<div class=\"elementor-widget-container\">\n\t\t\t\t\t\t\t\t\t\t\t\t\t\t\t<img decoding=\"async\" width=\"200\" height=\"300\" src=\"https:\/\/xn--familielgerne9700-yrb.dk\/wp-content\/uploads\/2024\/10\/270818-40-200x300.webp\" class=\"attachment-medium size-medium wp-image-19\" alt=\"\" srcset=\"https:\/\/xn--familielgerne9700-yrb.dk\/wp-content\/uploads\/2024\/10\/270818-40-200x300.webp 200w, https:\/\/xn--familielgerne9700-yrb.dk\/wp-content\/uploads\/2024\/10\/270818-40-683x1024.webp 683w, https:\/\/xn--familielgerne9700-yrb.dk\/wp-content\/uploads\/2024\/10\/270818-40-768x1152.webp 768w, https:\/\/xn--familielgerne9700-yrb.dk\/wp-content\/uploads\/2024\/10\/270818-40-1024x1536.webp 1024w, https:\/\/xn--familielgerne9700-yrb.dk\/wp-content\/uploads\/2024\/10\/270818-40-1366x2048.webp 1281w, https:\/\/xn--familielgerne9700-yrb.dk\/wp-content\/uploads\/2024\/10\/270818-40-scaled.webp 1280w\" sizes=\"(max-width: 200px) 100vw, 200px\" \/>\t\t\t\t\t\t\t\t\t\t\t\t\t\t\t<\/div>\n\t\t\t\t<\/div>\n\t\t\t\t<div class=\"elementor-element elementor-element-844878a elementor-widget elementor-widget-text-editor\" data-id=\"844878a\" data-element_type=\"widget\" data-e-type=\"widget\" data-widget_type=\"text-editor.default\">\n\t\t\t\t<div class=\"elementor-widget-container\">\n\t\t\t\t\t\t\t\t\t<p><strong>Louise Lolk Haaber<\/strong><\/p><p>Louise er uddannet sygeplejerske fra Sygepleje- og Radiografskolen i Aalborg i 2003. Hun har siden arbejdet p\u00e5 endokrinologisk og kardiologisk afdeling p\u00e5 Aalborg Universitetshospital. Louise har mange \u00e5rs erfaring inden for kardiologien. Hun har arbejdet b\u00e5de p\u00e5 sengeafsnit, atrifelimmerklink og som elektrofysiologisk sygeplejerske, men har siden 2020 arbejdet som praksissygeplejerske. Louise har s\u00e6rlig interesse inden for behandling af hjertekar- og kvindesygdomme.<\/p>\t\t\t\t\t\t\t\t<\/div>\n\t\t\t\t<\/div>\n\t\t\t\t<\/div>\n\t\t\t\t\t<\/div>\n\t\t\t\t<\/div>\n\t\t<div class=\"elementor-element elementor-element-e2f4903 e-flex e-con-boxed e-con e-parent\" data-id=\"e2f4903\" data-element_type=\"container\" data-e-type=\"container\">\n\t\t\t\t\t<div class=\"e-con-inner\">\n\t\t<div class=\"elementor-element elementor-element-13dd392 e-con-full e-flex e-con e-child\" data-id=\"13dd392\" data-element_type=\"container\" data-e-type=\"container\">\n\t\t\t\t<div class=\"elementor-element elementor-element-f926681 elementor-widget elementor-widget-image\" data-id=\"f926681\" data-element_type=\"widget\" data-e-type=\"widget\" data-widget_type=\"image.default\">\n\t\t\t\t<div class=\"elementor-widget-container\">\n\t\t\t\t\t\t\t\t\t\t\t\t\t\t\t<img decoding=\"async\" width=\"225\" height=\"300\" src=\"https:\/\/xn--familielgerne9700-yrb.dk\/wp-content\/uploads\/2025\/08\/9d3a295b-fabe-47f9-a6ce-d73182921e4b-225x300.jpg\" class=\"attachment-medium size-medium wp-image-758\" alt=\"Stine Degn Andersen\" srcset=\"https:\/\/xn--familielgerne9700-yrb.dk\/wp-content\/uploads\/2025\/08\/9d3a295b-fabe-47f9-a6ce-d73182921e4b-225x300.jpg 225w, https:\/\/xn--familielgerne9700-yrb.dk\/wp-content\/uploads\/2025\/08\/9d3a295b-fabe-47f9-a6ce-d73182921e4b-768x1024.jpg 768w, https:\/\/xn--familielgerne9700-yrb.dk\/wp-content\/uploads\/2025\/08\/9d3a295b-fabe-47f9-a6ce-d73182921e4b-1152x1536.jpg 1152w, https:\/\/xn--familielgerne9700-yrb.dk\/wp-content\/uploads\/2025\/08\/9d3a295b-fabe-47f9-a6ce-d73182921e4b.jpg 1536w\" sizes=\"(max-width: 225px) 100vw, 225px\" \/>\t\t\t\t\t\t\t\t\t\t\t\t\t\t\t<\/div>\n\t\t\t\t<\/div>\n\t\t\t\t<div class=\"elementor-element elementor-element-87fd4ad elementor-widget elementor-widget-text-editor\" data-id=\"87fd4ad\" data-element_type=\"widget\" data-e-type=\"widget\" data-widget_type=\"text-editor.default\">\n\t\t\t\t<div class=\"elementor-widget-container\">\n\t\t\t\t\t\t\t\t\t<div class=\"elementor-element elementor-element-0cb6c85 elementor-widget elementor-widget-heading\" data-id=\"0cb6c85\" data-element_type=\"widget\" data-widget_type=\"heading.default\"><div class=\"elementor-widget-container\"><p><strong>Stine Degn Andersen<\/strong><\/p><p>Stine har v\u00e6ret l\u00e6ge siden 2010 og blev i 2017 speciall\u00e6ge i \u00e6ldremedicin. Hun har en bred erfaring fra tidligere ans\u00e6ttelser p\u00e5 sygehuse, inden for neurorehabilitering og genne de seneste \u00e5r almen praksis. Stine har en stor viden om behandlingen af \u00e6ldre patienten og deres sygdomme, men h\u00e5ndterer som klinikkens \u00f8vrige l\u00e6ger alle problemstillinger.<\/p><\/div><\/div>\t\t\t\t\t\t\t\t<\/div>\n\t\t\t\t<\/div>\n\t\t\t\t<\/div>\n\t\t<div class=\"elementor-element elementor-element-694fc15 e-con-full e-flex e-con e-child\" data-id=\"694fc15\" data-element_type=\"container\" data-e-type=\"container\">\n\t\t\t\t<div class=\"elementor-element elementor-element-34a50c3 elementor-widget elementor-widget-image\" data-id=\"34a50c3\" data-element_type=\"widget\" data-e-type=\"widget\" data-widget_type=\"image.default\">\n\t\t\t\t<div class=\"elementor-widget-container\">\n\t\t\t\t\t\t\t\t\t\t\t\t\t\t\t<img loading=\"lazy\" decoding=\"async\" width=\"300\" height=\"300\" src=\"https:\/\/xn--familielgerne9700-yrb.dk\/wp-content\/uploads\/2025\/08\/Line-Maria-Moehl-Futtrup-300x300.webp\" class=\"attachment-medium size-medium wp-image-669\" alt=\"\" srcset=\"https:\/\/xn--familielgerne9700-yrb.dk\/wp-content\/uploads\/2025\/08\/Line-Maria-Moehl-Futtrup-300x300.webp 300w, https:\/\/xn--familielgerne9700-yrb.dk\/wp-content\/uploads\/2025\/08\/Line-Maria-Moehl-Futtrup-150x150.webp 150w, https:\/\/xn--familielgerne9700-yrb.dk\/wp-content\/uploads\/2025\/08\/Line-Maria-Moehl-Futtrup-768x768.webp 768w, https:\/\/xn--familielgerne9700-yrb.dk\/wp-content\/uploads\/2025\/08\/Line-Maria-Moehl-Futtrup.webp 921w\" sizes=\"(max-width: 300px) 100vw, 300px\" \/>\t\t\t\t\t\t\t\t\t\t\t\t\t\t\t<\/div>\n\t\t\t\t<\/div>\n\t\t\t\t<div class=\"elementor-element elementor-element-52cd941 elementor-widget elementor-widget-text-editor\" data-id=\"52cd941\" data-element_type=\"widget\" data-e-type=\"widget\" data-widget_type=\"text-editor.default\">\n\t\t\t\t<div class=\"elementor-widget-container\">\n\t\t\t\t\t\t\t\t\t<p><strong>Line Maria M\u00f8hl Futtrup<\/strong><\/p><p>Line er tilknyttet som fast l\u00e6gekonsulent. Line er uddannet l\u00e6ge i 2011 og har v\u00e6re speciall\u00e6ge i almen medicin siden 2020. Line har stor erfaring fra b\u00f8rneafdelingen, en kompetence vi s\u00e6tter stor pris p\u00e5. Lige har ikke faste dage i klinikken, og hendes arbejdsdage varierer fra m\u00e5ned til m\u00e5ned.<\/p>\t\t\t\t\t\t\t\t<\/div>\n\t\t\t\t<\/div>\n\t\t\t\t<\/div>\n\t\t\t\t\t<\/div>\n\t\t\t\t<\/div>\n\t\t<div class=\"elementor-element elementor-element-e1263bb e-flex e-con-boxed e-con e-parent\" data-id=\"e1263bb\" data-element_type=\"container\" data-e-type=\"container\">\n\t\t\t\t\t<div class=\"e-con-inner\">\n\t\t<div class=\"elementor-element elementor-element-e57a5a4 e-con-full e-flex e-con e-child\" data-id=\"e57a5a4\" data-element_type=\"container\" data-e-type=\"container\">\n\t\t\t\t<div class=\"elementor-element elementor-element-efb681d elementor-widget elementor-widget-image\" data-id=\"efb681d\" data-element_type=\"widget\" data-e-type=\"widget\" data-widget_type=\"image.default\">\n\t\t\t\t<div class=\"elementor-widget-container\">\n\t\t\t\t\t\t\t\t\t\t\t\t\t\t\t<img loading=\"lazy\" decoding=\"async\" width=\"169\" height=\"300\" src=\"https:\/\/xn--familielgerne9700-yrb.dk\/wp-content\/uploads\/2024\/10\/Malene-Brandi-Nielsen-169x300.png\" class=\"attachment-medium size-medium wp-image-397\" alt=\"\" srcset=\"https:\/\/xn--familielgerne9700-yrb.dk\/wp-content\/uploads\/2024\/10\/Malene-Brandi-Nielsen-169x300.png 169w, https:\/\/xn--familielgerne9700-yrb.dk\/wp-content\/uploads\/2024\/10\/Malene-Brandi-Nielsen-576x1024.png 576w, https:\/\/xn--familielgerne9700-yrb.dk\/wp-content\/uploads\/2024\/10\/Malene-Brandi-Nielsen-768x1365.png 768w, https:\/\/xn--familielgerne9700-yrb.dk\/wp-content\/uploads\/2024\/10\/Malene-Brandi-Nielsen-864x1536.png 864w, https:\/\/xn--familielgerne9700-yrb.dk\/wp-content\/uploads\/2024\/10\/Malene-Brandi-Nielsen-1152x2048.png 1152w\" sizes=\"(max-width: 169px) 100vw, 169px\" \/>\t\t\t\t\t\t\t\t\t\t\t\t\t\t\t<\/div>\n\t\t\t\t<\/div>\n\t\t\t\t<div class=\"elementor-element elementor-element-f58d97f elementor-widget elementor-widget-text-editor\" data-id=\"f58d97f\" data-element_type=\"widget\" data-e-type=\"widget\" data-widget_type=\"text-editor.default\">\n\t\t\t\t<div class=\"elementor-widget-container\">\n\t\t\t\t\t\t\t\t\t<p><strong>Malene Nielsen<\/strong><\/p><p>Malene blev uddannet sygeplejerske i 1990. Hun har tidligere arbejdet p\u00e5 Aalborg Sygehus, hvor hun har erfaring fra endokrinologisk- og dialyseafdelingen. Malene har siden 2003 arbejdet som konsultationssygeplejerske\u00a0 i almen praksis. Malene er uddannet rygestopskonsultent.<\/p>\t\t\t\t\t\t\t\t<\/div>\n\t\t\t\t<\/div>\n\t\t\t\t<\/div>\n\t\t<div class=\"elementor-element elementor-element-951ffc6 e-con-full e-flex e-con e-child\" data-id=\"951ffc6\" data-element_type=\"container\" data-e-type=\"container\">\n\t\t\t\t<div class=\"elementor-element elementor-element-69e3295 elementor-widget elementor-widget-image\" data-id=\"69e3295\" data-element_type=\"widget\" data-e-type=\"widget\" data-widget_type=\"image.default\">\n\t\t\t\t<div class=\"elementor-widget-container\">\n\t\t\t\t\t\t\t\t\t\t\t\t\t\t\t<img loading=\"lazy\" decoding=\"async\" width=\"225\" height=\"300\" src=\"https:\/\/xn--familielgerne9700-yrb.dk\/wp-content\/uploads\/2025\/02\/IMG20250205130635-225x300.webp\" class=\"attachment-medium size-medium wp-image-588\" alt=\"\" srcset=\"https:\/\/xn--familielgerne9700-yrb.dk\/wp-content\/uploads\/2025\/02\/IMG20250205130635-225x300.webp 225w, https:\/\/xn--familielgerne9700-yrb.dk\/wp-content\/uploads\/2025\/02\/IMG20250205130635-768x1024.webp 768w, https:\/\/xn--familielgerne9700-yrb.dk\/wp-content\/uploads\/2025\/02\/IMG20250205130635-1152x1536.webp 1152w, https:\/\/xn--familielgerne9700-yrb.dk\/wp-content\/uploads\/2025\/02\/IMG20250205130635-scaled.webp 1440w\" sizes=\"(max-width: 225px) 100vw, 225px\" \/>\t\t\t\t\t\t\t\t\t\t\t\t\t\t\t<\/div>\n\t\t\t\t<\/div>\n\t\t\t\t<div class=\"elementor-element elementor-element-3375179 elementor-widget elementor-widget-text-editor\" data-id=\"3375179\" data-element_type=\"widget\" data-e-type=\"widget\" data-widget_type=\"text-editor.default\">\n\t\t\t\t<div class=\"elementor-widget-container\">\n\t\t\t\t\t\t\t\t\t<p><strong>Hella Dahl Jeppesen<\/strong><\/p><p>Hella er uddannet l\u00e6rer men har siden 2015 arbejdet som sekret\u00e6r i almen praksis. Hella er vores ansigt udadtil og det er oftest hende du m\u00f8de i sekretariatet og p\u00e5 telefonen.<\/p>\t\t\t\t\t\t\t\t<\/div>\n\t\t\t\t<\/div>\n\t\t\t\t<\/div>\n\t\t\t\t\t<\/div>\n\t\t\t\t<\/div>\n\t\t<div class=\"elementor-element elementor-element-841f9ce e-flex e-con-boxed e-con e-parent\" data-id=\"841f9ce\" data-element_type=\"container\" data-e-type=\"container\">\n\t\t\t\t\t<div class=\"e-con-inner\">\n\t\t<div class=\"elementor-element elementor-element-bce8ff1 e-con-full e-flex e-con e-child\" data-id=\"bce8ff1\" data-element_type=\"container\" data-e-type=\"container\">\n\t\t\t\t<div class=\"elementor-element elementor-element-ded2e7c elementor-widget elementor-widget-image\" data-id=\"ded2e7c\" data-element_type=\"widget\" data-e-type=\"widget\" data-widget_type=\"image.default\">\n\t\t\t\t<div class=\"elementor-widget-container\">\n\t\t\t\t\t\t\t\t\t\t\t\t\t\t\t<img loading=\"lazy\" decoding=\"async\" width=\"300\" height=\"300\" src=\"https:\/\/xn--familielgerne9700-yrb.dk\/wp-content\/uploads\/2024\/10\/logo-1-familielaegerne-vektor.svg\" class=\"attachment-medium size-medium wp-image-266\" alt=\"\" \/>\t\t\t\t\t\t\t\t\t\t\t\t\t\t\t<\/div>\n\t\t\t\t<\/div>\n\t\t\t\t<div class=\"elementor-element elementor-element-98e2abf elementor-widget elementor-widget-text-editor\" data-id=\"98e2abf\" data-element_type=\"widget\" data-e-type=\"widget\" data-widget_type=\"text-editor.default\">\n\t\t\t\t<div class=\"elementor-widget-container\">\n\t\t\t\t\t\t\t\t\t<p><strong>Sine Kvist Aarup<\/strong><\/p>\n<p>Sine er nyuddannet l\u00e6ge og skal fra 1. marts v\u00e6re et halvt \u00e5r hos os som del af den klinisk basisuddannelse (KBU).<\/p>\t\t\t\t\t\t\t\t<\/div>\n\t\t\t\t<\/div>\n\t\t\t\t<\/div>\n\t\t<div class=\"elementor-element elementor-element-bc37d72 e-con-full e-flex e-con e-child\" data-id=\"bc37d72\" data-element_type=\"container\" data-e-type=\"container\">\n\t\t\t\t<div class=\"elementor-element elementor-element-96acc93 elementor-widget elementor-widget-image\" data-id=\"96acc93\" data-element_type=\"widget\" data-e-type=\"widget\" data-widget_type=\"image.default\">\n\t\t\t\t<div class=\"elementor-widget-container\">\n\t\t\t\t\t\t\t\t\t\t\t\t\t\t\t<img loading=\"lazy\" decoding=\"async\" width=\"300\" height=\"300\" src=\"https:\/\/xn--familielgerne9700-yrb.dk\/wp-content\/uploads\/2024\/10\/logo-1-familielaegerne-1000-300x300.webp\" class=\"attachment-medium size-medium wp-image-260\" alt=\"\" srcset=\"https:\/\/xn--familielgerne9700-yrb.dk\/wp-content\/uploads\/2024\/10\/logo-1-familielaegerne-1000-300x300.webp 300w, https:\/\/xn--familielgerne9700-yrb.dk\/wp-content\/uploads\/2024\/10\/logo-1-familielaegerne-1000.png 1000w\" sizes=\"(max-width: 300px) 100vw, 300px\" \/>\t\t\t\t\t\t\t\t\t\t\t\t\t\t\t<\/div>\n\t\t\t\t<\/div>\n\t\t\t\t<div class=\"elementor-element elementor-element-c685ffd elementor-widget elementor-widget-text-editor\" data-id=\"c685ffd\" data-element_type=\"widget\" data-e-type=\"widget\" data-widget_type=\"text-editor.default\">\n\t\t\t\t<div class=\"elementor-widget-container\">\n\t\t\t\t\t\t\t\t\t<p>Ud over de faste ansatte, vil du i klinikken kunne m\u00f8de forskellige sundhedsfaglige studerende. Vi har l\u00f8bende medicinstuderende hos os som en del af deres uddannelse.<\/p>\t\t\t\t\t\t\t\t<\/div>\n\t\t\t\t<\/div>\n\t\t\t\t<\/div>\n\t\t\t\t\t<\/div>\n\t\t\t\t<\/div>\n\t\t\t\t<\/div>\n\t\t","protected":false},"excerpt":{"rendered":"<p>Rune Haaber Lolk Rune er sammen med Louise klinikejer og ansvarlig for klinikken. Rune har studeret medicin p\u00e5 Aarhus Universitet, med kandidateksamen i 2008. Han har arbejdet inden for forskellige sygehusspecialer, herunder kardiologi, akut medicin og an\u00e6stesi. Han blev speciall\u00e6ge i kardiologi i 2019 og har siden 2021 drevet den private kardiologiske klinik kardiolog.dk. Sidel\u00f8bende [&hellip;]<\/p>\n","protected":false},"author":1,"featured_media":0,"parent":0,"menu_order":0,"comment_status":"closed","ping_status":"closed","template":"","meta":{"footnotes":""},"class_list":["post-148","page","type-page","status-publish","hentry"],"_links":{"self":[{"href":"https:\/\/xn--familielgerne9700-yrb.dk\/index.php?rest_route=\/wp\/v2\/pages\/148","targetHints":{"allow":["GET"]}}],"collection":[{"href":"https:\/\/xn--familielgerne9700-yrb.dk\/index.php?rest_route=\/wp\/v2\/pages"}],"about":[{"href":"https:\/\/xn--familielgerne9700-yrb.dk\/index.php?rest_route=\/wp\/v2\/types\/page"}],"author":[{"embeddable":true,"href":"https:\/\/xn--familielgerne9700-yrb.dk\/index.php?rest_route=\/wp\/v2\/users\/1"}],"replies":[{"embeddable":true,"href":"https:\/\/xn--familielgerne9700-yrb.dk\/index.php?rest_route=%2Fwp%2Fv2%2Fcomments&post=148"}],"version-history":[{"count":98,"href":"https:\/\/xn--familielgerne9700-yrb.dk\/index.php?rest_route=\/wp\/v2\/pages\/148\/revisions"}],"predecessor-version":[{"id":931,"href":"https:\/\/xn--familielgerne9700-yrb.dk\/index.php?rest_route=\/wp\/v2\/pages\/148\/revisions\/931"}],"wp:attachment":[{"href":"https:\/\/xn--familielgerne9700-yrb.dk\/index.php?rest_route=%2Fwp%2Fv2%2Fmedia&parent=148"}],"curies":[{"name":"wp","href":"https:\/\/api.w.org\/{rel}","templated":true}]}}