{"id":240,"date":"2024-10-10T17:32:23","date_gmt":"2024-10-10T17:32:23","guid":{"rendered":"https:\/\/xn--familielgerne9700-yrb.dk\/?page_id=240"},"modified":"2026-01-12T20:28:35","modified_gmt":"2026-01-12T20:28:35","slug":"overordnede-principper","status":"publish","type":"page","link":"https:\/\/xn--familielgerne9700-yrb.dk\/?page_id=240","title":{"rendered":"Overordnede principper"},"content":{"rendered":"\t\t<div data-elementor-type=\"wp-page\" data-elementor-id=\"240\" class=\"elementor elementor-240\" data-elementor-post-type=\"page\">\n\t\t\t\t<div class=\"elementor-element elementor-element-9ee8c2f e-flex e-con-boxed e-con e-parent\" data-id=\"9ee8c2f\" data-element_type=\"container\" data-e-type=\"container\">\n\t\t\t\t\t<div class=\"e-con-inner\">\n\t\t\t\t<div class=\"elementor-element elementor-element-4b8f444 elementor-widget elementor-widget-text-editor\" data-id=\"4b8f444\" data-element_type=\"widget\" data-e-type=\"widget\" data-widget_type=\"text-editor.default\">\n\t\t\t\t<div class=\"elementor-widget-container\">\n\t\t\t\t\t\t\t\t\t<p><strong>M\u00e5ls\u00e6tning og overordnede principper for Familiel\u00e6gerne i Br\u00f8nderslev<\/strong><\/p><p><strong>Patientcentreret Behandling<\/strong><br \/>Vores fokus skal v\u00e6re patientens behov og trivsel. Patienterne skal f\u00f8le sig h\u00f8rt og vi skal tilpasse behandlingen til den enkelte patients behov. Behandlingen af den enkelte patient skal ogs\u00e5 tilgodese den overordnede drift af klinikken og hermed de \u00f8vrige patienters behov.<\/p><p><strong>Kontinuitet og Konsistens<\/strong><br \/>Vores styrke skal v\u00e6re at etablere langvarige relationer med vore patienter, dette for bedre at forst\u00e5 deres historie og behov.\u00a0<\/p><p><strong>Tilg\u00e6ngelighed<\/strong><br \/>Klinikken skal v\u00e6re let tilg\u00e6ngelig for patienterne, b\u00e5de fysisk og digitalt. Vi tilbyder fleksible \u00e5bningstider og flere m\u00e5der at booke aftaler p\u00e5, s\u00e5som telefonisk og online.<\/p><p><span style=\"text-align: var(--text-align); font-size: 1rem;\"><strong>Kvalitetssikring<\/strong><br \/><\/span><span style=\"text-align: var(--text-align); font-size: 1rem;\">Vi gennemf\u00f8rer regelm\u00e6ssige kvalitetskontroller<\/span><span style=\"font-size: 1rem; text-align: var(--text-align);\">\u00a0og lovpligtige audits for at sikre, at klinikken opretholder g\u00e6ldende standarder for patientbehandling.\u00a0<\/span><\/p><p><strong>Sikkerhed og Hygiejne<\/strong><br \/>For at sikre et\u00a0 hygiejnisk milj\u00f8 for b\u00e5de patienter og personale, f\u00f8lger vi de g\u00e6ldende retningslinjer og standarder for infektionskontrol.<\/p><p><strong>Uddannelse og Udvikling<\/strong><br \/>Vi investerer l\u00f8bende i uddannelse og opl\u00e6ring af klinikkens personale. Vi vil tilstr\u00e6be at vores personale er opdateret med de nyeste guidelines for bedste praksis.<\/p><p><strong>Kommunikation<\/strong><br \/>Vi fors\u00f8ger at Kommunikere klart og effektivt med patienter og samarbejdspartnere. Vi s\u00f8rger for, at der er en \u00e5ben dialog og let adgang til information for alle involverede.<\/p><p><strong>Etisk Praksis<\/strong><br \/>Vi viser respekt for patienters privatliv og fortrolighed, samt en retf\u00e6rdig og \u00e6rlig tilgang til behandling og administration. Vi arbejder loyalt b\u00e5de i forhold til patierne, kollegaer og \u00f8vrige samarbejdespartnere i sundhedsv\u00e6senet.<\/p><p><b>Gr\u00f8n Praksis<\/b><br \/>S\u00e5 vidt muligt skal der i klinikken v\u00e6lges b\u00e6redygtige l\u00f8sninger, herunder valg af flergangsudstyr, str\u00f8m- og vandbesparende l\u00f8sninger og affaldssortering.\u00a0<\/p><p>Ovenst\u00e5ende principper skal hj\u00e6lpe med at levere kvalitetsbehandlig og til at skabe et godt arbejdsmilj\u00f8 for klinikkens personale.<\/p>\t\t\t\t\t\t\t\t<\/div>\n\t\t\t\t<\/div>\n\t\t\t\t\t<\/div>\n\t\t\t\t<\/div>\n\t\t\t\t<\/div>\n\t\t","protected":false},"excerpt":{"rendered":"<p>M\u00e5ls\u00e6tning og overordnede principper for Familiel\u00e6gerne i Br\u00f8nderslev Patientcentreret BehandlingVores fokus skal v\u00e6re patientens behov og trivsel. Patienterne skal f\u00f8le sig h\u00f8rt og vi skal tilpasse behandlingen til den enkelte patients behov. Behandlingen af den enkelte patient skal ogs\u00e5 tilgodese den overordnede drift af klinikken og hermed de \u00f8vrige patienters behov. Kontinuitet og KonsistensVores styrke [&hellip;]<\/p>\n","protected":false},"author":1,"featured_media":0,"parent":0,"menu_order":0,"comment_status":"closed","ping_status":"closed","template":"","meta":{"footnotes":""},"class_list":["post-240","page","type-page","status-publish","hentry"],"_links":{"self":[{"href":"https:\/\/xn--familielgerne9700-yrb.dk\/index.php?rest_route=\/wp\/v2\/pages\/240","targetHints":{"allow":["GET"]}}],"collection":[{"href":"https:\/\/xn--familielgerne9700-yrb.dk\/index.php?rest_route=\/wp\/v2\/pages"}],"about":[{"href":"https:\/\/xn--familielgerne9700-yrb.dk\/index.php?rest_route=\/wp\/v2\/types\/page"}],"author":[{"embeddable":true,"href":"https:\/\/xn--familielgerne9700-yrb.dk\/index.php?rest_route=\/wp\/v2\/users\/1"}],"replies":[{"embeddable":true,"href":"https:\/\/xn--familielgerne9700-yrb.dk\/index.php?rest_route=%2Fwp%2Fv2%2Fcomments&post=240"}],"version-history":[{"count":20,"href":"https:\/\/xn--familielgerne9700-yrb.dk\/index.php?rest_route=\/wp\/v2\/pages\/240\/revisions"}],"predecessor-version":[{"id":900,"href":"https:\/\/xn--familielgerne9700-yrb.dk\/index.php?rest_route=\/wp\/v2\/pages\/240\/revisions\/900"}],"wp:attachment":[{"href":"https:\/\/xn--familielgerne9700-yrb.dk\/index.php?rest_route=%2Fwp%2Fv2%2Fmedia&parent=240"}],"curies":[{"name":"wp","href":"https:\/\/api.w.org\/{rel}","templated":true}]}}