{"id":309,"date":"2024-10-10T20:42:29","date_gmt":"2024-10-10T20:42:29","guid":{"rendered":"https:\/\/xn--familielgerne9700-yrb.dk\/?page_id=309"},"modified":"2026-01-12T20:51:22","modified_gmt":"2026-01-12T20:51:22","slug":"patient-hos-os","status":"publish","type":"page","link":"https:\/\/xn--familielgerne9700-yrb.dk\/?page_id=309","title":{"rendered":"Patient hos os"},"content":{"rendered":"\t\t<div data-elementor-type=\"wp-page\" data-elementor-id=\"309\" class=\"elementor elementor-309\" data-elementor-post-type=\"page\">\n\t\t\t\t<div class=\"elementor-element elementor-element-34382ce e-flex e-con-boxed e-con e-parent\" data-id=\"34382ce\" data-element_type=\"container\" data-e-type=\"container\">\n\t\t\t\t\t<div class=\"e-con-inner\">\n\t\t\t\t<div class=\"elementor-element elementor-element-97801b2 elementor-widget__width-inherit elementor-widget elementor-widget-text-editor\" data-id=\"97801b2\" data-element_type=\"widget\" data-e-type=\"widget\" data-widget_type=\"text-editor.default\">\n\t\t\t\t<div class=\"elementor-widget-container\">\n\t\t\t\t\t\t\t\t\t<p><strong>V\u00e6sentlige forhold som patient hos os<\/strong><\/p>\t\t\t\t\t\t\t\t<\/div>\n\t\t\t\t<\/div>\n\t\t\t\t\t<\/div>\n\t\t\t\t<\/div>\n\t\t<div class=\"elementor-element elementor-element-d29b5ae e-flex e-con-boxed e-con e-parent\" data-id=\"d29b5ae\" data-element_type=\"container\" data-e-type=\"container\">\n\t\t\t\t\t<div class=\"e-con-inner\">\n\t\t\t\t<div class=\"elementor-element elementor-element-fc9cc94 elementor-widget elementor-widget-text-editor\" data-id=\"fc9cc94\" data-element_type=\"widget\" data-e-type=\"widget\" data-widget_type=\"text-editor.default\">\n\t\t\t\t<div class=\"elementor-widget-container\">\n\t\t\t\t\t\t\t\t\t<p><b>Indholdet af en konsultation<\/b><br \/>Som udgangspunkt er der afsat 15 minutter til en almindelig konsultation. Inden for den tid skal behandleren orientere sig i din journal, hente dig i ventev\u00e6relset, h\u00f8re din historie, lave relevant unders\u00f8gelser, udarbejde en plan, samt foretage dokumentation i din journal.\u00a0<span style=\"text-align: var(--text-align); font-size: 1rem;\">G\u00e6ldende honorering der er aftalt med Danske Regioner tillader desv\u00e6rre ikke, at vi kan afs\u00e6tte l\u00e6ngere tid end dette. Man m\u00e5 gerne komme med flere problemstillinger til samme konsultation, men har man behov for at gennemg\u00e5 flere komplekse problemstillinger, m\u00e5 dette ofte klares over flere konsultationer.<\/span><span style=\"text-align: var(--text-align); font-size: 1rem;\">\u00a0Man vil oftest kun kunne n\u00e5 en st\u00f8rre, eller enkelte mindre problemstilling, inden for samme konsultation. Respekterer man ikke den afsatte tid, vil det g\u00e5 ud over den\/de efterf\u00f8lgende patienter. Du vil derfor kunne opleve, at der under en konsultation bliver sagt, at &#8220;det er hvad vi n\u00e5r for i dag&#8221;, dette skal opfattes som et hensyn til klinikkens \u00f8vrige patienter.<\/span><\/p><p><span style=\"text-align: var(--text-align); font-size: 1rem;\"><b>Forberedelse til konsultation<\/b><br \/>N\u00e5r du bestiller din tid er det vigtigt, at du forklarer den eller de problemstillinger du gerne vil dr\u00f8fte. Det kan v\u00e6re en god id\u00e9, at skrive ned hvad du vil tale om, og i starten af konsultationen f\u00e5 afklaret hvad der er det vigtigste at f\u00e5 h\u00e5ndteret. S\u00e5kaldte &#8220;d\u00f8rh\u00e5ndtagssp\u00f8rgsm\u00e5l&#8221; vil oftest f\u00f8re til en ny tid.<\/span><\/p><p><strong>Ordinationsretten er l\u00e6gens<\/strong><br \/>Valget af en behandling vil altid forg\u00e5 i et samarbejde mellem l\u00e6ge og patient. Dog er det ultimativt l\u00e6gen der har ordinationsretten, og l\u00e6gen skal fagligt og etisk kunne st\u00e5 inde for en given behandling. Man vil derfor aldrig kunne forlange en given behandling ordineret. Vi f\u00f8lger g\u00e6ldende guidelines, og vil ikke acceptere krav fra patienter om at bryde med hvad der er god faglig standard.<\/p><p><span style=\"text-align: var(--text-align); font-size: 1rem;\"><b>Morfin<\/b><br \/><\/span><span style=\"font-size: 1rem; text-align: var(--text-align);\">Klinikkens overordnede princip er at morfin ingen plads har i behandinge af non-maligne (ikke cancerrelaterede) smerter, og s\u00e6rligt ikke til behandling af kroniske bev\u00e6geapparatssmerter. Vi kan tilbyde alternativer s\u00e5som panodil, gigtpr\u00e6parater, antidepressive og antiepileptiske midler, som ofte har bedre effekt og ikke samme risiko for afh\u00e6ngighed. Du m\u00e5 som patient i behandling med morfin, forberede dig p\u00e5 at vi arbejder p\u00e5 at udtrappe alle patienter.<\/span><\/p><p><b>Beroligende- og sovemedicin<\/b><br \/>Med mindre behandlingen er ordineret af psykiatrien, og der foreligger en behandlingsplan derfra, ordinerer vi ikke berolignede- eller sovemedicin. Eneste udtagelse er f\u00e5 dages behandling ved akut krise eller, afrusning og sidste tids behandling ved livets afslutning. Er du i behandling med f\u00f8rn\u00e6vnte pr\u00e6parater, m\u00e5 du som udgangspunkt v\u00e6re forberedt p\u00e5, at blive m\u00f8dt med en forventning om udtrapning. Et v\u00e6sentligt princip er, at vi er forpligtet til at behandle helbredstruende abstinenser men ikke stoftrang.<\/p><p><strong>Receptfornyelse<\/strong><br \/>Anmodning om receptfornyelse kan foretages via<a href=\"https:\/\/minlaegeapp.dk\/\" target=\"_blank\" rel=\"noopener\"> MinL\u00e6ge<\/a>\u00a0elle\u00a0<a href=\"https:\/\/sundhedsdatastyrelsen.dk\/da\/borger\/selvbetjening_og_services\/medicinkortet\" target=\"_blank\" rel=\"noopener\">Medicinkortet<\/a>\u00a0app\u2019en. Har man ikke f\u00f8rn\u00e6vnte, kan man anmode om receptfornyelse telefonisk i tidsrummet 08:00-12:00. Foresp\u00f8rgsler om receptfornyelse via e-konsultation vil blive afvist.<br \/>En del medicin kr\u00e6ver regelm\u00e6ssige kontroller. F\u00f8lger man ikke disse kontroller, kan vi ikke tage ansvar for behandlingen, og anmodning om receptfornyelse kan i s\u00e5danne tilf\u00e6lde blive afvist.<br \/><span style=\"text-decoration: underline;\">Fornyelse af recept p\u00e5 enhver form for vanedannede eller centralstimulerende medicin kan udelukkende ske ved fysisk fremm\u00f8de.<\/span><\/p>\t\t\t\t\t\t\t\t<\/div>\n\t\t\t\t<\/div>\n\t\t\t\t\t<\/div>\n\t\t\t\t<\/div>\n\t\t\t\t<\/div>\n\t\t","protected":false},"excerpt":{"rendered":"<p>V\u00e6sentlige forhold som patient hos os Indholdet af en konsultationSom udgangspunkt er der afsat 15 minutter til en almindelig konsultation. Inden for den tid skal behandleren orientere sig i din journal, hente dig i ventev\u00e6relset, h\u00f8re din historie, lave relevant unders\u00f8gelser, udarbejde en plan, samt foretage dokumentation i din journal.\u00a0G\u00e6ldende honorering der er aftalt med [&hellip;]<\/p>\n","protected":false},"author":1,"featured_media":0,"parent":0,"menu_order":0,"comment_status":"closed","ping_status":"closed","template":"","meta":{"footnotes":""},"class_list":["post-309","page","type-page","status-publish","hentry"],"_links":{"self":[{"href":"https:\/\/xn--familielgerne9700-yrb.dk\/index.php?rest_route=\/wp\/v2\/pages\/309","targetHints":{"allow":["GET"]}}],"collection":[{"href":"https:\/\/xn--familielgerne9700-yrb.dk\/index.php?rest_route=\/wp\/v2\/pages"}],"about":[{"href":"https:\/\/xn--familielgerne9700-yrb.dk\/index.php?rest_route=\/wp\/v2\/types\/page"}],"author":[{"embeddable":true,"href":"https:\/\/xn--familielgerne9700-yrb.dk\/index.php?rest_route=\/wp\/v2\/users\/1"}],"replies":[{"embeddable":true,"href":"https:\/\/xn--familielgerne9700-yrb.dk\/index.php?rest_route=%2Fwp%2Fv2%2Fcomments&post=309"}],"version-history":[{"count":61,"href":"https:\/\/xn--familielgerne9700-yrb.dk\/index.php?rest_route=\/wp\/v2\/pages\/309\/revisions"}],"predecessor-version":[{"id":927,"href":"https:\/\/xn--familielgerne9700-yrb.dk\/index.php?rest_route=\/wp\/v2\/pages\/309\/revisions\/927"}],"wp:attachment":[{"href":"https:\/\/xn--familielgerne9700-yrb.dk\/index.php?rest_route=%2Fwp%2Fv2%2Fmedia&parent=309"}],"curies":[{"name":"wp","href":"https:\/\/api.w.org\/{rel}","templated":true}]}}